{"id":14,"date":"2020-12-15T05:10:40","date_gmt":"2020-12-15T05:10:40","guid":{"rendered":"http:\/\/stdingenieria.com\/?page_id=14"},"modified":"2020-12-15T05:10:40","modified_gmt":"2020-12-15T05:10:40","slug":"home","status":"publish","type":"page","link":"https:\/\/stdingenieria.com\/","title":{"rendered":"Home"},"content":{"rendered":"<div class=\"col-md-5\">\n<h3>Sobre Hestia<\/h3>\n<p>\u00bfNecesitas saber m\u00e1s? Por favor revisa la documentaci\u00f3n completa para tener informaci\u00f3n detallada sobre c\u00f3mo usar Hestia.<\/p><\/div>\n<div class=\"col-md-6 col-md-offset-1\"><img decoding=\"async\" class=\"size-medium alignright\" src=\"https:\/\/stdingenieria.com\/wp-content\/themes\/hestia\/assets\/img\/about-content.png\"\/><\/div>\n","protected":false},"excerpt":{"rendered":"<p>Sobre Hestia \u00bfNecesitas saber m\u00e1s? Por favor revisa la documentaci\u00f3n completa para tener informaci\u00f3n detallada sobre c\u00f3mo usar Hestia.<\/p>\n","protected":false},"author":1,"featured_media":0,"parent":0,"menu_order":0,"comment_status":"closed","ping_status":"closed","template":"","meta":{"_et_pb_use_builder":"","_et_pb_old_content":"","_et_gb_content_width":"","footnotes":""},"class_list":["post-14","page","type-page","status-publish","hentry"],"_links":{"self":[{"href":"https:\/\/stdingenieria.com\/index.php\/wp-json\/wp\/v2\/pages\/14","targetHints":{"allow":["GET"]}}],"collection":[{"href":"https:\/\/stdingenieria.com\/index.php\/wp-json\/wp\/v2\/pages"}],"about":[{"href":"https:\/\/stdingenieria.com\/index.php\/wp-json\/wp\/v2\/types\/page"}],"author":[{"embeddable":true,"href":"https:\/\/stdingenieria.com\/index.php\/wp-json\/wp\/v2\/users\/1"}],"replies":[{"embeddable":true,"href":"https:\/\/stdingenieria.com\/index.php\/wp-json\/wp\/v2\/comments?post=14"}],"version-history":[{"count":1,"href":"https:\/\/stdingenieria.com\/index.php\/wp-json\/wp\/v2\/pages\/14\/revisions"}],"predecessor-version":[{"id":17,"href":"https:\/\/stdingenieria.com\/index.php\/wp-json\/wp\/v2\/pages\/14\/revisions\/17"}],"wp:attachment":[{"href":"https:\/\/stdingenieria.com\/index.php\/wp-json\/wp\/v2\/media?parent=14"}],"curies":[{"name":"wp","href":"https:\/\/api.w.org\/{rel}","templated":true}]}}